{"id":218,"date":"2021-08-11T09:41:18","date_gmt":"2021-08-11T09:41:18","guid":{"rendered":"http:\/\/fastwpdemo.com\/newwp\/homlane\/?page_id=218"},"modified":"2025-07-25T01:29:11","modified_gmt":"2025-07-24T22:29:11","slug":"hakkimizda","status":"publish","type":"page","link":"https:\/\/tiklaac.com\/index.php\/hakkimizda\/","title":{"rendered":"hakk\u0131m\u0131zda"},"content":{"rendered":"\t\t<div data-elementor-type=\"wp-page\" data-elementor-id=\"218\" class=\"elementor elementor-218\">\n\t\t\t\t\t\t<section class=\"elementor-section elementor-top-section elementor-element elementor-element-2af93fe elementor-section-full_width elementor-section-height-default elementor-section-height-default\" data-id=\"2af93fe\" data-element_type=\"section\">\n\t\t\t\t\t\t<div class=\"elementor-container elementor-column-gap-default\">\n\t\t\t\t\t<div class=\"elementor-column elementor-col-100 elementor-top-column elementor-element elementor-element-7437e93\" data-id=\"7437e93\" data-element_type=\"column\">\n\t\t\t<div class=\"elementor-widget-wrap elementor-element-populated\">\n\t\t\t\t\t\t<div class=\"elementor-element elementor-element-3691946 elementor-widget elementor-widget-homlane_about_us\" data-id=\"3691946\" data-element_type=\"widget\" data-widget_type=\"homlane_about_us.default\">\n\t\t\t\t<div class=\"elementor-widget-container\">\n\t\t\t\t\t        \n        <!--Start Plumbing Service Area-->\n\t\t<section class=\"plumbing-service-area\">\n\t\t\t<div class=\"container\">\n\t\t\t\t<div class=\"row\">\n\t\t\t\t\t<div class=\"col-xl-5 col-lg-6\">\n\t\t\t\t\t\t<div class=\"plumbing-service-image-box\">\n\t\t\t\t\t\t\t<div class=\"image-box1\">\n\t\t\t\t\t\t\t\t<img decoding=\"async\" src=\"https:\/\/tiklaac.com\/wp-content\/uploads\/2021\/08\/plumbing-service-image-1.jpg\" alt=\"Awesome Image\">\n\t\t\t\t\t\t\t<\/div>\n\t\t\t\t\t\t\t<div class=\"image-box2\">\n\t\t\t\t\t\t\t\t<img decoding=\"async\" src=\"https:\/\/tiklaac.com\/wp-content\/uploads\/2021\/08\/plumbing-service-image-2.jpg\" alt=\"Awesome Image\">    \n\t\t\t\t\t\t\t<\/div>\n\t\t\t\t\t\t<\/div>    \n\t\t\t\t\t<\/div>\n\n\t\t\t\t\t<div class=\"col-xl-7 col-lg-6\">\n\t\t\t\t\t\t<div class=\"plumbing-service-text-box\">\n\t\t\t\t\t\t\t<div class=\"sec-title-two\">\n\t\t\t\t\t\t\t\t<span class=\"sub-title\">S\u0131hhi Tesisat Hizmeti<\/span>\n\t\t\t\t\t\t\t\t<h2>Gururla Hizmet Veren Yerel Tesisat \u015eirketi<\/h2>\n\t\t\t\t\t\t\t<\/div>\n\t\t\t\t\t\t\t<div class=\"inner-content\">\n\t\t\t\t\t\t\t\t<div class=\"text\">\n\t\t\t\t\t\t\t\t\t<p><hr>\n        <p><strong>30 Y\u0131ll\u0131k Tecr\u00fcbe, Yeni Nesil \u00c7\u00f6z\u00fcmler<\/strong><\/p>\n        <p>T\u0131kla A\u00e7 olarak, 30 y\u0131l\u0131 a\u015fk\u0131n s\u0131hhi tesisat tecr\u00fcbemizle sekt\u00f6rde yenilik\u00e7i ve g\u00fcvenilir \u00e7\u00f6z\u00fcmler sunuyoruz. <strong>\"Yeni Nesil Tesisat\u00e7\u0131n\u0131z\"<\/strong> slogan\u0131yla \u00e7\u0131kt\u0131\u011f\u0131m\u0131z bu yolda, geleneksel y\u00f6ntemlerin aksine, son teknoloji ekipmanlar kullanarak sorunlara <strong>k\u0131rmadan, d\u00f6kmeden<\/strong> kal\u0131c\u0131 \u00e7\u00f6z\u00fcmler \u00fcretiyoruz.<\/p>\n        <p>M\u00fc\u015fteri memnuniyetini en \u00fcst d\u00fczeyde tutmay\u0131 ilke edinen firmam\u0131z, alan\u0131nda uzman ve deneyimli ekibiyle her zaman yan\u0131n\u0131zdad\u0131r. Su ka\u00e7a\u011f\u0131 tespiti, t\u0131kan\u0131kl\u0131k a\u00e7ma, petek temizleme ve genel tesisat hizmetlerimizde kulland\u0131\u011f\u0131m\u0131z kameral\u0131 robotlar, akustik dinleme cihazlar\u0131 ve termal kameralar sayesinde sorunlar\u0131n kayna\u011f\u0131n\u0131 noktasal olarak belirliyor, evinizde veya i\u015fyerinizde hi\u00e7bir tadilata gerek kalmadan problemleri ortadan kald\u0131r\u0131yoruz.<\/p>\n        <p>Hizmetlerimizin her a\u015famas\u0131nda \u015feffafl\u0131\u011f\u0131 ve d\u00fcr\u00fcstl\u00fc\u011f\u00fc \u00f6n planda tutarak, sizlere en h\u0131zl\u0131 ve en etkili \u00e7\u00f6z\u00fcmleri sunmay\u0131 hedefliyoruz. T\u0131kla A\u00e7 ailesi olarak, ya\u015fam alanlar\u0131n\u0131zda konforu ve g\u00fcveni sa\u011flamak i\u00e7in \u00e7al\u0131\u015f\u0131yoruz. Siz de tesisat sorunlar\u0131n\u0131zda profesyonel bir yakla\u015f\u0131m ve garantili \u00e7\u00f6z\u00fcmler ar\u0131yorsan\u0131z, do\u011fru adrestesiniz.<\/p>\n\n        <h3 class=\"subsection-title\">Misyonumuz<\/h3>\n        <hr>\n        <p>Misyonumuz, 30 y\u0131ll\u0131k tecr\u00fcbemizi modern teknoloji ile birle\u015ftirerek, su tesisat\u0131, su ka\u00e7a\u011f\u0131 tespiti, t\u0131kan\u0131kl\u0131k a\u00e7ma ve petek temizleme alanlar\u0131nda m\u00fc\u015fterilerimize <strong>k\u0131rmadan ve d\u00f6kmeden<\/strong> h\u0131zl\u0131, g\u00fcvenilir ve kal\u0131c\u0131 hizmetler sunmakt\u0131r. Alan\u0131nda uzman ekibimiz ve son teknoloji cihazlar\u0131m\u0131zla, ya\u015fam alanlar\u0131n\u0131n konforunu ve g\u00fcvenli\u011fini en \u00fcst seviyeye \u00e7\u0131karmay\u0131 ama\u00e7l\u0131yoruz.<\/p>\n\n        <h3 class=\"subsection-title\">Vizyonumuz<\/h3>\n        <hr>\n        <p>Vizyonumuz, tesisat sekt\u00f6r\u00fcnde \u00f6nc\u00fc bir marka haline gelerek, teknolojik geli\u015fmeleri yak\u0131ndan takip etmek ve bu yenilikleri hizmet kalitemizi art\u0131rmak i\u00e7in kullanmakt\u0131r. M\u00fc\u015fteri memnuniyetini esas alan hizmet anlay\u0131\u015f\u0131m\u0131zla, T\u00fcrkiye genelinde tan\u0131nan ve tercih edilen lider bir firma olmay\u0131 hedefliyoruz.<\/p><\/p>\n\t\t\t\t\t\t\t\t<\/div>\n\t\t\t\t\t\t\t\t<div class=\"bottom\">\n\t\t\t\t\t\t\t\t\t<p><\/p>\n\t\t\t\t\t\t\t\t<\/div>\n\t\t\t\t\t\t\t<\/div>\n\t\t\t\t\t\t<\/div>    \n\t\t\t\t\t<\/div>\n\t\t\t\t<\/div>\n\t\t\t<\/div>    \n\t\t<\/section>\n\t\t<!--End Plumbing Service Area-->\n\n        \t\t\t\t<\/div>\n\t\t\t\t<\/div>\n\t\t\t\t\t<\/div>\n\t\t<\/div>\n\t\t\t\t\t<\/div>\n\t\t<\/section>\n\t\t\t\t<\/div>\n\t\t","protected":false},"excerpt":{"rendered":"<p>S\u0131hhi Tesisat Hizmeti Gururla Hizmet Veren Yerel Tesisat \u015eirketi 30 Y\u0131ll\u0131k Tecr\u00fcbe, Yeni Nesil \u00c7\u00f6z\u00fcmler T\u0131kla A\u00e7 olarak, 30 y\u0131l\u0131 a\u015fk\u0131n s\u0131hhi tesisat tecr\u00fcbemizle sekt\u00f6rde yenilik\u00e7i ve g\u00fcvenilir \u00e7\u00f6z\u00fcmler sunuyoruz. &#8220;Yeni Nesil Tesisat\u00e7\u0131n\u0131z&#8221; slogan\u0131yla \u00e7\u0131kt\u0131\u011f\u0131m\u0131z bu yolda, geleneksel y\u00f6ntemlerin aksine, son teknoloji ekipmanlar kullanarak sorunlara k\u0131rmadan, d\u00f6kmeden kal\u0131c\u0131 \u00e7\u00f6z\u00fcmler \u00fcretiyoruz. M\u00fc\u015fteri memnuniyetini en \u00fcst d\u00fczeyde [&hellip;]<\/p>\n","protected":false},"author":1,"featured_media":0,"parent":0,"menu_order":0,"comment_status":"closed","ping_status":"closed","template":"tpl-default-elementor.php","meta":{"footnotes":""},"class_list":["post-218","page","type-page","status-publish","hentry"],"_links":{"self":[{"href":"https:\/\/tiklaac.com\/index.php\/wp-json\/wp\/v2\/pages\/218","targetHints":{"allow":["GET"]}}],"collection":[{"href":"https:\/\/tiklaac.com\/index.php\/wp-json\/wp\/v2\/pages"}],"about":[{"href":"https:\/\/tiklaac.com\/index.php\/wp-json\/wp\/v2\/types\/page"}],"author":[{"embeddable":true,"href":"https:\/\/tiklaac.com\/index.php\/wp-json\/wp\/v2\/users\/1"}],"replies":[{"embeddable":true,"href":"https:\/\/tiklaac.com\/index.php\/wp-json\/wp\/v2\/comments?post=218"}],"version-history":[{"count":8,"href":"https:\/\/tiklaac.com\/index.php\/wp-json\/wp\/v2\/pages\/218\/revisions"}],"predecessor-version":[{"id":3785,"href":"https:\/\/tiklaac.com\/index.php\/wp-json\/wp\/v2\/pages\/218\/revisions\/3785"}],"wp:attachment":[{"href":"https:\/\/tiklaac.com\/index.php\/wp-json\/wp\/v2\/media?parent=218"}],"curies":[{"name":"wp","href":"https:\/\/api.w.org\/{rel}","templated":true}]}}