{"id":485,"date":"2021-08-12T19:41:23","date_gmt":"2021-08-12T19:41:23","guid":{"rendered":"http:\/\/fastwpdemo.com\/newwp\/homlane\/?page_id=485"},"modified":"2025-07-25T02:06:23","modified_gmt":"2025-07-24T23:06:23","slug":"blog","status":"publish","type":"page","link":"https:\/\/tiklaac.com\/index.php\/blog\/","title":{"rendered":"blog"},"content":{"rendered":"\t\t<div data-elementor-type=\"wp-page\" data-elementor-id=\"485\" class=\"elementor elementor-485\">\n\t\t\t\t\t\t<section class=\"elementor-section elementor-top-section elementor-element elementor-element-740324c elementor-section-full_width elementor-section-height-default elementor-section-height-default\" data-id=\"740324c\" data-element_type=\"section\">\n\t\t\t\t\t\t<div class=\"elementor-container elementor-column-gap-default\">\n\t\t\t\t\t<div class=\"elementor-column elementor-col-100 elementor-top-column elementor-element elementor-element-631a6e5\" data-id=\"631a6e5\" data-element_type=\"column\">\n\t\t\t<div class=\"elementor-widget-wrap elementor-element-populated\">\n\t\t\t\t\t\t<div class=\"elementor-element elementor-element-5363ebe elementor-widget elementor-widget-homlane_ta_page_banner\" data-id=\"5363ebe\" data-element_type=\"widget\" data-widget_type=\"homlane_ta_page_banner.default\">\n\t\t\t\t<div class=\"elementor-widget-container\">\n\t\t\t\t\t                <!-- Page Title -->\n        <section class=\"page-title\" style=\"background-image: url(https:\/\/tiklaac.com\/wp-content\/uploads\/2022\/05\/page-title.jpg);\">\n            <div class=\"pattern-layer\" style=\"background-image: url(https:\/\/tiklaac.com\/wp-content\/uploads\/2022\/05\/shape-43.png);\"><\/div>\n            <div class=\"auto-container\">\n                <div class=\"content-box\">\n                    <div class=\"title\">\n                        <h1>blog<\/h1>\n                    <\/div>\n                    <ul class=\"bread-crumb clearfix\">\n                        <li class=\"breadcrumb-item\"><a href=\"https:\/\/tiklaac.com\/\">Home<\/a><\/li><li class=\"breadcrumb-item\"><a href=\"https:\/\/tiklaac.com\/index.php\/blog\/\">blog<\/a><\/li>                    <\/ul>\n                <\/div>\n            <\/div>\n        <\/section>\n        <!-- End Page Title -->\n\t\t        \t\t\t\t<\/div>\n\t\t\t\t<\/div>\n\t\t\t\t\t<\/div>\n\t\t<\/div>\n\t\t\t\t\t<\/div>\n\t\t<\/section>\n\t\t\t\t<section class=\"elementor-section elementor-top-section elementor-element elementor-element-83737ea elementor-section-full_width elementor-section-height-default elementor-section-height-default\" data-id=\"83737ea\" data-element_type=\"section\">\n\t\t\t\t\t\t<div class=\"elementor-container elementor-column-gap-default\">\n\t\t\t\t\t<div class=\"elementor-column elementor-col-100 elementor-top-column elementor-element elementor-element-65fa6a9\" data-id=\"65fa6a9\" data-element_type=\"column\">\n\t\t\t<div class=\"elementor-widget-wrap elementor-element-populated\">\n\t\t\t\t\t\t<div class=\"elementor-element elementor-element-524ec13 elementor-widget elementor-widget-homlane_blog_grid\" data-id=\"524ec13\" data-element_type=\"widget\" data-widget_type=\"homlane_blog_grid.default\">\n\t\t\t\t<div class=\"elementor-widget-container\">\n\t\t\t\t\t        \n        <!--Start Blog Style2 Area-->\n\t\t<section id=\"blog-area\" class=\"blog-style2-area \">\n\t\t\t<div class=\"container \">\n\t\t\t\t<div class=\"row\">\n\t\t\t\t\t\t\t\t\t\t<!--Start Single blog Style2-->\n\t\t\t\t\t<div class=\"col-xl-6 col-lg-6\">\n\t\t\t\t\t\t<div class=\"single-blog-style2 wow fadeInLeft\" data-wow-delay=\"100ms\" data-wow-duration=\"1500ms\">\n\t\t\t\t\t\t\t<div class=\"img-holder\">\n\t\t\t\t\t\t\t\t<div class=\"inner\">\n\t\t\t\t\t\t\t\t\t<img fetchpriority=\"high\" decoding=\"async\" width=\"570\" height=\"360\" src=\"https:\/\/tiklaac.com\/wp-content\/uploads\/2021\/08\/IMG_5845-570x360.jpg\" class=\"attachment-homlane_570x360 size-homlane_570x360 wp-post-image\" alt=\"\" \/>\t\t\t\t\t\t\t\t<\/div>\n\t\t\t\t\t\t\t\t<div class=\"date-box\">\n\t\t\t\t\t\t\t\t\t<h2>13 <br><span>A\u011fustos<\/span><\/h2>\n\t\t\t\t\t\t\t\t<\/div>\n\t\t\t\t\t\t\t<\/div> \n\t\t\t\t\t\t\t<div class=\"text-holder\">\n\t\t\t\t\t\t\t\t<ul class=\"meta-info\">\n\t\t\t\t\t\t\t\t\t<li><a href=\"https:\/\/tiklaac.com\/index.php\/author\/hasan\/\">By: Hasan<\/a><\/li>\n\t\t\t\t\t\t\t\t\t<li><a href=\"https:\/\/tiklaac.com\/index.php\/category\/tesisat\/\" rel=\"category tag\">Tesisat<\/a><\/li>\n\t\t\t\t\t\t\t\t\t<li><a href=\"https:\/\/tiklaac.com\/index.php\/2021\/08\/13\/tikaniklik-acma-ve-goruntuleme\/#comments\">Comments: 0<\/a><\/li>\n\t\t\t\t\t\t\t\t<\/ul>\n\t\t\t\t\t\t\t\t<h3 class=\"blog-title\"><a href=\"https:\/\/tiklaac.com\/index.php\/2021\/08\/13\/tikaniklik-acma-ve-goruntuleme\/\">TIKANIKLIK A\u00c7MA VE G\u00d6R\u00dcNT\u00dcLEME<\/a><\/h3>\n\t\t\t\t\t\t\t\t<div class=\"text\">\n\t\t\t\t\t\t\t\t\t<p>NEDEN B\u0130Z G\u00fcvenilir firma olma ilkesiyle hareket eden \u201cFirmam\u0131z\u201d bu ilkeyi kurum k\u00fclt\u00fcr\u00fc haline getirmek amac\u0131yla \u00fcr\u00fcn ve hizmet kalitesini en \u00fcst seviyede tutmaktad\u0131r. \u201cT\u0131klaa\u00e7\u201d S\u0131hhi Tesisat Kanalizasyon\u2019un, teknolojik makinalarla sa\u011flad\u0131\u011f\u0131 hizmetlerden biride kanalizasyon g\u00f6r\u00fcnt\u00fcleme ve at\u0131k su boru t\u0131kan\u0131kl\u0131klar\u0131n\u0131 a\u00e7makt\u0131r.Konutunuzun ve ...<\/p>\n\t\t\t\t\t\t\t\t<\/div>\n\t\t\t\t\t\t\t\t<div class=\"bottom-box\">\n\t\t\t\t\t\t\t\t\t<a class=\"theme-btn-two\" href=\"https:\/\/tiklaac.com\/index.php\/2021\/08\/13\/tikaniklik-acma-ve-goruntuleme\/\"><span class=\"txt\">read more<\/span><\/a>\n\t\t\t\t\t\t\t\t<\/div>\n\t\t\t\t\t\t\t<\/div>\n\t\t\t\t\t\t<\/div> \n\t\t\t\t\t<\/div>\n\t\t\t\t\t<!--End Single blog Style2-->\n\t\t\t\t\t\t\t\t\t\t<!--Start Single blog Style2-->\n\t\t\t\t\t<div class=\"col-xl-6 col-lg-6\">\n\t\t\t\t\t\t<div class=\"single-blog-style2 wow fadeInLeft\" data-wow-delay=\"100ms\" data-wow-duration=\"1500ms\">\n\t\t\t\t\t\t\t<div class=\"img-holder\">\n\t\t\t\t\t\t\t\t<div class=\"inner\">\n\t\t\t\t\t\t\t\t\t<img decoding=\"async\" width=\"570\" height=\"360\" src=\"https:\/\/tiklaac.com\/wp-content\/uploads\/2021\/08\/IMG-20231115-WA0006-570x360.jpg\" class=\"attachment-homlane_570x360 size-homlane_570x360 wp-post-image\" alt=\"\" \/>\t\t\t\t\t\t\t\t<\/div>\n\t\t\t\t\t\t\t\t<div class=\"date-box\">\n\t\t\t\t\t\t\t\t\t<h2>13 <br><span>A\u011fustos<\/span><\/h2>\n\t\t\t\t\t\t\t\t<\/div>\n\t\t\t\t\t\t\t<\/div> \n\t\t\t\t\t\t\t<div class=\"text-holder\">\n\t\t\t\t\t\t\t\t<ul class=\"meta-info\">\n\t\t\t\t\t\t\t\t\t<li><a href=\"https:\/\/tiklaac.com\/index.php\/author\/hasan\/\">By: Hasan<\/a><\/li>\n\t\t\t\t\t\t\t\t\t<li><a href=\"https:\/\/tiklaac.com\/index.php\/category\/tesisat\/\" rel=\"category tag\">Tesisat<\/a><\/li>\n\t\t\t\t\t\t\t\t\t<li><a href=\"https:\/\/tiklaac.com\/index.php\/2021\/08\/13\/tesisat-hizmetleri\/#comments\">Comments: 0<\/a><\/li>\n\t\t\t\t\t\t\t\t<\/ul>\n\t\t\t\t\t\t\t\t<h3 class=\"blog-title\"><a href=\"https:\/\/tiklaac.com\/index.php\/2021\/08\/13\/tesisat-hizmetleri\/\">TES\u0130SAT H\u0130ZMETLER\u0130<\/a><\/h3>\n\t\t\t\t\t\t\t\t<div class=\"text\">\n\t\t\t\t\t\t\t\t\t<p>30 y\u0131ll\u0131k tecr\u00fcbemizle yerinde an\u0131nda \u00e7\u00f6z\u00fcm odakl\u0131 ,tecr\u00fcbe ve titizli\u011fi yapt\u0131\u011f\u0131 i\u015fe yans\u0131tan ekibimiz ge\u00e7ici de\u011fil kal\u0131c\u0131 \u00e7\u00f6z\u00fcmler sunarak, m\u00fc\u015fteri memnuniyetini \u00f6nemseyen bir firmay\u0131z. Teknolojiyi tecr\u00fcbemizle Birle\u015ftiriyoruz. YEN\u0130 NES\u0130L TES\u0130SAT\u00c7INIZ. Hangi Alanlarda Tesisat Uygulamas\u0131 Yap\u0131yoruz? Genel tesisat uygulamalar\u0131m\u0131z\u0131; S\u0131hhi Tesisat, Kalorifer Tesisat\u0131,&nbsp; ...<\/p>\n\t\t\t\t\t\t\t\t<\/div>\n\t\t\t\t\t\t\t\t<div class=\"bottom-box\">\n\t\t\t\t\t\t\t\t\t<a class=\"theme-btn-two\" href=\"https:\/\/tiklaac.com\/index.php\/2021\/08\/13\/tesisat-hizmetleri\/\"><span class=\"txt\">read more<\/span><\/a>\n\t\t\t\t\t\t\t\t<\/div>\n\t\t\t\t\t\t\t<\/div>\n\t\t\t\t\t\t<\/div> \n\t\t\t\t\t<\/div>\n\t\t\t\t\t<!--End Single blog Style2-->\n\t\t\t\t\t\t\t\t\t\t<!--Start Single blog Style2-->\n\t\t\t\t\t<div class=\"col-xl-6 col-lg-6\">\n\t\t\t\t\t\t<div class=\"single-blog-style2 wow fadeInLeft\" data-wow-delay=\"100ms\" data-wow-duration=\"1500ms\">\n\t\t\t\t\t\t\t<div class=\"img-holder\">\n\t\t\t\t\t\t\t\t<div class=\"inner\">\n\t\t\t\t\t\t\t\t\t<img decoding=\"async\" width=\"570\" height=\"360\" src=\"https:\/\/tiklaac.com\/wp-content\/uploads\/2021\/08\/IMG_5834-570x360.jpg\" class=\"attachment-homlane_570x360 size-homlane_570x360 wp-post-image\" alt=\"\" \/>\t\t\t\t\t\t\t\t<\/div>\n\t\t\t\t\t\t\t\t<div class=\"date-box\">\n\t\t\t\t\t\t\t\t\t<h2>13 <br><span>A\u011fustos<\/span><\/h2>\n\t\t\t\t\t\t\t\t<\/div>\n\t\t\t\t\t\t\t<\/div> \n\t\t\t\t\t\t\t<div class=\"text-holder\">\n\t\t\t\t\t\t\t\t<ul class=\"meta-info\">\n\t\t\t\t\t\t\t\t\t<li><a href=\"https:\/\/tiklaac.com\/index.php\/author\/hasan\/\">By: Hasan<\/a><\/li>\n\t\t\t\t\t\t\t\t\t<li><a href=\"https:\/\/tiklaac.com\/index.php\/category\/tesisat\/\" rel=\"category tag\">Tesisat<\/a><\/li>\n\t\t\t\t\t\t\t\t\t<li><a href=\"https:\/\/tiklaac.com\/index.php\/2021\/08\/13\/petek-temizleme\/#comments\">Comments: 0<\/a><\/li>\n\t\t\t\t\t\t\t\t<\/ul>\n\t\t\t\t\t\t\t\t<h3 class=\"blog-title\"><a href=\"https:\/\/tiklaac.com\/index.php\/2021\/08\/13\/petek-temizleme\/\">PETEK TEM\u0130ZLEME<\/a><\/h3>\n\t\t\t\t\t\t\t\t<div class=\"text\">\n\t\t\t\t\t\t\t\t\t<p>NEDEN B\u0130Z. \u00c7ift y\u00f6nl\u00fc su bas\u0131n\u00e7l\u0131 y\u0131kama Her pete\u011fi yerinde tek tek y\u0131kama Termal kamera \u0131s\u0131,hava,tortu \u00f6l\u00e7\u00fcm\u00fc Hava alma ve kontrol\u00fc Is\u0131tma konforu vana ayar\u0131 Termal \u0131s\u0131 kontrol\u00fc Teknolojiyi tecr\u00fcbemizle Birle\u015ftiriyoruz. \u00a0 YEN\u0130 NES\u0130L TES\u0130SAT\u00c7INIZ. \u00a0 TEM\u0130ZLEME VE H\u0130ZMET Y\u00d6NTEM\u0130M\u0130Z. 1- Hava ...<\/p>\n\t\t\t\t\t\t\t\t<\/div>\n\t\t\t\t\t\t\t\t<div class=\"bottom-box\">\n\t\t\t\t\t\t\t\t\t<a class=\"theme-btn-two\" href=\"https:\/\/tiklaac.com\/index.php\/2021\/08\/13\/petek-temizleme\/\"><span class=\"txt\">read more<\/span><\/a>\n\t\t\t\t\t\t\t\t<\/div>\n\t\t\t\t\t\t\t<\/div>\n\t\t\t\t\t\t<\/div> \n\t\t\t\t\t<\/div>\n\t\t\t\t\t<!--End Single blog Style2-->\n\t\t\t\t\t\t\t\t\t\t<!--Start Single blog Style2-->\n\t\t\t\t\t<div class=\"col-xl-6 col-lg-6\">\n\t\t\t\t\t\t<div class=\"single-blog-style2 wow fadeInLeft\" data-wow-delay=\"100ms\" data-wow-duration=\"1500ms\">\n\t\t\t\t\t\t\t<div class=\"img-holder\">\n\t\t\t\t\t\t\t\t<div class=\"inner\">\n\t\t\t\t\t\t\t\t\t<img loading=\"lazy\" decoding=\"async\" width=\"262\" height=\"171\" src=\"https:\/\/tiklaac.com\/wp-content\/uploads\/2021\/08\/images-1.jpg\" class=\"attachment-homlane_570x360 size-homlane_570x360 wp-post-image\" alt=\"\" srcset=\"https:\/\/tiklaac.com\/wp-content\/uploads\/2021\/08\/images-1.jpg 262w, https:\/\/tiklaac.com\/wp-content\/uploads\/2021\/08\/images-1-200x130.jpg 200w\" sizes=\"(max-width: 262px) 100vw, 262px\" \/>\t\t\t\t\t\t\t\t<\/div>\n\t\t\t\t\t\t\t\t<div class=\"date-box\">\n\t\t\t\t\t\t\t\t\t<h2>18 <br><span>A\u011fustos<\/span><\/h2>\n\t\t\t\t\t\t\t\t<\/div>\n\t\t\t\t\t\t\t<\/div> \n\t\t\t\t\t\t\t<div class=\"text-holder\">\n\t\t\t\t\t\t\t\t<ul class=\"meta-info\">\n\t\t\t\t\t\t\t\t\t<li><a href=\"https:\/\/tiklaac.com\/index.php\/author\/hasan\/\">By: Hasan<\/a><\/li>\n\t\t\t\t\t\t\t\t\t<li><a href=\"https:\/\/tiklaac.com\/index.php\/category\/tesisat\/\" rel=\"category tag\">Tesisat<\/a><\/li>\n\t\t\t\t\t\t\t\t\t<li><a href=\"https:\/\/tiklaac.com\/index.php\/2021\/08\/18\/su-kacagi-tespiti\/#comments\">Comments: 0<\/a><\/li>\n\t\t\t\t\t\t\t\t<\/ul>\n\t\t\t\t\t\t\t\t<h3 class=\"blog-title\"><a href=\"https:\/\/tiklaac.com\/index.php\/2021\/08\/18\/su-kacagi-tespiti\/\">SU KA\u00c7A\u011eI TESP\u0130T\u0130<\/a><\/h3>\n\t\t\t\t\t\t\t\t<div class=\"text\">\n\t\t\t\t\t\t\t\t\t<p>NEDEN B\u0130Z. G\u00fcveniilir kurum olma ilkesiyle hareket eden \u201cFirmam\u0131z\u201d bu ilkeyi kurum k\u00fclt\u00fcr\u00fc haline getirmek amac\u0131yla \u00fcr\u00fcn ve hizmet kalitesini en \u00fcst seviyede tutmaktad\u0131r. 30 y\u0131ll\u0131k s\u0131hhi tesisat tecr\u00fcbesi Kesin noktasak tespit Son teknoloji cihazlar \u00c7\u00f6z\u00fcm odakl\u0131 yakla\u015f\u0131m Tespit sonras\u0131 tamirat, Teknolojiyi ...<\/p>\n\t\t\t\t\t\t\t\t<\/div>\n\t\t\t\t\t\t\t\t<div class=\"bottom-box\">\n\t\t\t\t\t\t\t\t\t<a class=\"theme-btn-two\" href=\"https:\/\/tiklaac.com\/index.php\/2021\/08\/18\/su-kacagi-tespiti\/\"><span class=\"txt\">read more<\/span><\/a>\n\t\t\t\t\t\t\t\t<\/div>\n\t\t\t\t\t\t\t<\/div>\n\t\t\t\t\t\t<\/div> \n\t\t\t\t\t<\/div>\n\t\t\t\t\t<!--End Single blog Style2-->\n\t\t\t\t\t\t\t\t\t<\/div>\n\n\t\t\t\t<div class=\"row\">\n\t\t\t\t\t<div class=\"col-xl-12\">\n\t\t\t\t\t\t\t\t\t\t\t<\/div>\n\t\t\t\t<\/div>\n\n\t\t\t<\/div>\n\t\t<\/section>\n\t\t<!--End Blog Style2 Area-->\n\n        \t\t\t\t<\/div>\n\t\t\t\t<\/div>\n\t\t\t\t\t<\/div>\n\t\t<\/div>\n\t\t\t\t\t<\/div>\n\t\t<\/section>\n\t\t\t\t<\/div>\n\t\t","protected":false},"excerpt":{"rendered":"<p>blog Home blog 13 A\u011fustos By: Hasan Tesisat Comments: 0 Flushing Food Down the Toilet? Be Careful And Do Best To Protect Neque porro quisquam est quia consequuntur magni dolores eos qui ratione voluptatem sequi nesciunt, qui dolorem. Ut enim ad minim veniam, quis nostrud exercitation ullamco laboris nisi ut aliquip ex ea commodo consequat. [&hellip;]<\/p>\n","protected":false},"author":1,"featured_media":0,"parent":0,"menu_order":0,"comment_status":"closed","ping_status":"closed","template":"tpl-default-elementor.php","meta":{"footnotes":""},"class_list":["post-485","page","type-page","status-publish","hentry"],"_links":{"self":[{"href":"https:\/\/tiklaac.com\/index.php\/wp-json\/wp\/v2\/pages\/485","targetHints":{"allow":["GET"]}}],"collection":[{"href":"https:\/\/tiklaac.com\/index.php\/wp-json\/wp\/v2\/pages"}],"about":[{"href":"https:\/\/tiklaac.com\/index.php\/wp-json\/wp\/v2\/types\/page"}],"author":[{"embeddable":true,"href":"https:\/\/tiklaac.com\/index.php\/wp-json\/wp\/v2\/users\/1"}],"replies":[{"embeddable":true,"href":"https:\/\/tiklaac.com\/index.php\/wp-json\/wp\/v2\/comments?post=485"}],"version-history":[{"count":6,"href":"https:\/\/tiklaac.com\/index.php\/wp-json\/wp\/v2\/pages\/485\/revisions"}],"predecessor-version":[{"id":3867,"href":"https:\/\/tiklaac.com\/index.php\/wp-json\/wp\/v2\/pages\/485\/revisions\/3867"}],"wp:attachment":[{"href":"https:\/\/tiklaac.com\/index.php\/wp-json\/wp\/v2\/media?parent=485"}],"curies":[{"name":"wp","href":"https:\/\/api.w.org\/{rel}","templated":true}]}}